{"id":2,"date":"2018-02-11T16:58:48","date_gmt":"2018-02-11T15:58:48","guid":{"rendered":"https:\/\/tjvabph.cluster100.hosting.ovh.net\/?page_id=2"},"modified":"2025-12-29T11:42:29","modified_gmt":"2025-12-29T10:42:29","slug":"activites","status":"publish","type":"page","link":"https:\/\/www.enainsp.ma\/?page_id=2","title":{"rendered":"Activit\u00e9s"},"content":{"rendered":"\t\t<div data-elementor-type=\"wp-page\" data-elementor-id=\"2\" class=\"elementor elementor-2\">\n\t\t\t\t<div class=\"elementor-element elementor-element-e5ed6a8 e-flex e-con-boxed e-con e-parent\" data-id=\"e5ed6a8\" data-element_type=\"container\">\n\t\t\t\t\t<div class=\"e-con-inner\">\n\t\t\t\t<div class=\"elementor-element elementor-element-35872879 elementor-widget elementor-widget-text-editor\" data-id=\"35872879\" data-element_type=\"widget\" data-widget_type=\"text-editor.default\">\n\t\t\t\t\t\t\t\t\tL\u2019 ENA-INSP MAROC (AMAEENA) organise des activit\u00e9s r\u00e9guli\u00e8res (rencontres, colloques, publications) pour renforcer les liens entre ses membres et promouvoir les valeurs li\u00e9es \u00e0 l\u2019int\u00e9r\u00eat g\u00e9n\u00e9ral, au service et \u00e0 la r\u00e9forme de l\u2019Etat.\t\t\t\t\t\t\t\t<\/div>\n\t\t\t\t\t<\/div>\n\t\t\t\t<\/div>\n\t\t<div class=\"elementor-element elementor-element-1ac9ae4 e-flex e-con-boxed e-con e-parent\" data-id=\"1ac9ae4\" data-element_type=\"container\">\n\t\t\t\t\t<div class=\"e-con-inner\">\n\t\t\t\t<div class=\"elementor-element elementor-element-e69cdf0 meta-visibility-show title_position_default title_hover_border_default title-default img_hover_animation_default meta_position_default tpg-is-author-icon-show author-image-visibility-icon tpg-category-position-default readmore-btn-default-style grid-hover-overlay-type-always tpg-el-box-border-enable tpg-border-bottom-disable elementor-widget elementor-widget-tpg-grid-layout\" data-id=\"e69cdf0\" data-element_type=\"widget\" data-widget_type=\"tpg-grid-layout.default\">\n\t\t\t\t<div class=\"elementor-widget-container\">\n\t\t\t\t\t\t\t<div class=\"rt-container-fluid rt-tpg-container tpg-el-main-wrapper clearfix grid-layout1-main \"\n\t\t\t id=\"rt-tpg-container-1197069088\"\n\t\t\t data-layout=\"grid-layout1\"\n\t\t\t data-grid-style=\"tpg-full-height\"\n\t\t\t data-sc-id=\"elementor\"\n\t\t\t data-el-settings=''\n\t\t\t data-el-query=''\n\t\t\t data-el-path=''\n\t\t>\n\t\t\t\t\t\t<div class='tpg-header-wrapper '>\n\t\t\t\t\t\t\t<\/div>\n\n\t\t\t<div data-title=\"Loading ...\" class=\"rt-row rt-content-loader grid-layout1 grid-behaviour tpg-full-height grid_layout_wrapper\">\n\t\t\t\t<div class=\"rt-col-md-4 rt-col-sm-6 rt-col-xs-12 default rt-grid-item post-574 post type-post status-publish format-standard has-post-thumbnail hentry category-activites category-conference\"        data-id=\"574\">\n    <div class=\"rt-holder tpg-post-holder \">\n        <div class=\"rt-detail rt-el-content-wrapper\">\n\t\t\t                <div class=\"rt-img-holder tpg-el-image-wrap has-thumbnail\">\n\t\t\t\t\t<a data-id=\"574\" href=\"https:\/\/www.enainsp.ma\/?p=574\" class=\"tpg-post-link\" target=\"_self\">                        <img fetchpriority=\"high\" decoding=\"async\" src=\"https:\/\/www.enainsp.ma\/wp-content\/uploads\/2026\/03\/WhatsApp-Image-2026-03-27-at-11.02.31-768x512.jpeg\"\n                             class=\"rt-img-responsive\"\n                             width=\"768\"\n                             height=\"512\"\n                             alt=\"ENA-INSP Maroc tient une rencontre-d\u00e9bat sur les enjeux strat\u00e9giques de l\u2019action publique\">\n\t\t\t\t\t\t\n\t\t\t\t\t\t\t\n\t\t<\/a>\n\t\t        <div class=\"overlay grid-hover-content\"><\/div>\n\t\t                <\/div>\n\t\t\t\n\t\t\t<div class=\"entry-title-wrapper\"><h3 class=\"entry-title\"><a data-id=\"574\" href=\"https:\/\/www.enainsp.ma\/?p=574\" class=\"tpg-post-link\" target=\"_self\">ENA-INSP Maroc tient une rencontre-d\u00e9bat sur les enjeux strat\u00e9giques de l\u2019action publique<\/a><\/h3><\/div>\n\t\t\t                <div class=\"post-meta-tags rt-el-post-meta\">\n\t\t\t\t\t            <span class='author '>\n\n\t\t\t\t<i class='fa fa-user '><\/i><span class='author-prefix'>By<\/span><a href=\"https:\/\/www.enainsp.ma\/?author=1\">M. Younes BENAKKI<\/a>\t\t\t<\/span>\n\t\t\t            <span class='date'>\n\t\t\t\t<i class='far fa-calendar-alt '><\/i>\t\t\t\t                    <a href=\"https:\/\/www.enainsp.ma\/?m=20260327\">\n\t\t\t\t\t27 mars 2026\t\t\t\t<\/a>\n\t\t\t\t\t\t\t<\/span>\n\t\t\t            <span class='categories-links'>\n\t\t\t\t<i class='fas fa-folder-open '><\/i><a class=\"activites\" href=\"https:\/\/www.enainsp.ma\/?cat=43\">Activit\u00e9s<\/a><span class=\"rt-separator\">,<\/span><a class=\"conference\" href=\"https:\/\/www.enainsp.ma\/?cat=4\">Conf\u00e9rence<\/a>\t\t\t<\/span>\n\t\t\t                <\/div>\n\t\t\t\n\n\t\t\t                <div class=\"tpg-excerpt tpg-el-excerpt\">\n\t\t\t\t\t                        <div class=\"tpg-excerpt-inner\">\n\t\t\t\t\t\t\tL\u2019Association Marocaine des Anciens \u00c9l\u00e8ves de l\u2019\u00c9cole Nationale d\u2019Administration et de l\u2019Institut National du Service Public (ENA-INSP Maroc) a organis\u00e9, le 26 mars 2026, au&hellip;...                        <\/div>\n\t\t\t\t\t\t\t\t\t\t                <\/div>\n\t\t\t\n\t\t\t        <div class=\"post-footer\">\n            <div class=\"post-footer\">\n                <div class=\"read-more\">\n\t\t\t\t\t<a data-id=\"574\" href=\"https:\/\/www.enainsp.ma\/?p=574\" class=\"tpg-post-link\" target=\"_self\">Read More<\/a>                <\/div>\n            <\/div>\n        <\/div>\n\t\t        <\/div>\n    <\/div>\n<\/div>\n<div class=\"rt-col-md-4 rt-col-sm-6 rt-col-xs-12 default rt-grid-item post-366 post type-post status-publish format-standard has-post-thumbnail hentry category-activites\"        data-id=\"366\">\n    <div class=\"rt-holder tpg-post-holder \">\n        <div class=\"rt-detail rt-el-content-wrapper\">\n\t\t\t                <div class=\"rt-img-holder tpg-el-image-wrap has-thumbnail\">\n\t\t\t\t\t<a data-id=\"366\" href=\"https:\/\/www.enainsp.ma\/?p=366\" class=\"tpg-post-link\" target=\"_self\">                        <img decoding=\"async\" src=\"https:\/\/www.enainsp.ma\/wp-content\/uploads\/2025\/12\/1108122059660187f760252-1-768x960.jpg\"\n                             class=\"rt-img-responsive\"\n                             width=\"768\"\n                             height=\"960\"\n                             alt=\"\u201cFRANCE MAROC : QUELLES SOLUTIONS ET QUELLES AMBITIONS POUR UN PARTENARIAT D\u2019AVANT GARDE ?\u201d\">\n\t\t\t\t\t\t\n\t\t\t\t\t\t\t\n\t\t<\/a>\n\t\t        <div class=\"overlay grid-hover-content\"><\/div>\n\t\t                <\/div>\n\t\t\t\n\t\t\t<div class=\"entry-title-wrapper\"><h3 class=\"entry-title\"><a data-id=\"366\" href=\"https:\/\/www.enainsp.ma\/?p=366\" class=\"tpg-post-link\" target=\"_self\">\u201cFRANCE MAROC : QUELLES SOLUTIONS ET QUELLES AMBITIONS POUR UN PARTENARIAT D\u2019AVANT GARDE ?\u201d<\/a><\/h3><\/div>\n\t\t\t                <div class=\"post-meta-tags rt-el-post-meta\">\n\t\t\t\t\t            <span class='author '>\n\n\t\t\t\t<i class='fa fa-user '><\/i><span class='author-prefix'>By<\/span><a href=\"https:\/\/www.enainsp.ma\/?author=1\">M. Younes BENAKKI<\/a>\t\t\t<\/span>\n\t\t\t            <span class='date'>\n\t\t\t\t<i class='far fa-calendar-alt '><\/i>\t\t\t\t                    <a href=\"https:\/\/www.enainsp.ma\/?m=20240429\">\n\t\t\t\t\t29 avril 2024\t\t\t\t<\/a>\n\t\t\t\t\t\t\t<\/span>\n\t\t\t            <span class='categories-links'>\n\t\t\t\t<i class='fas fa-folder-open '><\/i><a class=\"activites\" href=\"https:\/\/www.enainsp.ma\/?cat=43\">Activit\u00e9s<\/a>\t\t\t<\/span>\n\t\t\t                <\/div>\n\t\t\t\n\n\t\t\t                <div class=\"tpg-excerpt tpg-el-excerpt\">\n\t\t\t\t\t                        <div class=\"tpg-excerpt-inner\">\n\t\t\t\t\t\t\tLe partenariat entre la France et le Maroc jadis jug\u00e9 d\u2019exception a connu ces derni\u00e8res ann\u00e9es une p\u00e9riode de froid.&nbsp; Le contexte actuel de r\u00e9chauffement&hellip;...                        <\/div>\n\t\t\t\t\t\t\t\t\t\t                <\/div>\n\t\t\t\n\t\t\t        <div class=\"post-footer\">\n            <div class=\"post-footer\">\n                <div class=\"read-more\">\n\t\t\t\t\t<a data-id=\"366\" href=\"https:\/\/www.enainsp.ma\/?p=366\" class=\"tpg-post-link\" target=\"_self\">Read More<\/a>                <\/div>\n            <\/div>\n        <\/div>\n\t\t        <\/div>\n    <\/div>\n<\/div>\n<div class=\"rt-col-md-4 rt-col-sm-6 rt-col-xs-12 default rt-grid-item post-362 post type-post status-publish format-standard has-post-thumbnail hentry category-activites\"        data-id=\"362\">\n    <div class=\"rt-holder tpg-post-holder \">\n        <div class=\"rt-detail rt-el-content-wrapper\">\n\t\t\t                <div class=\"rt-img-holder tpg-el-image-wrap has-thumbnail\">\n\t\t\t\t\t<a data-id=\"362\" href=\"https:\/\/www.enainsp.ma\/?p=362\" class=\"tpg-post-link\" target=\"_self\">                        <img decoding=\"async\" src=\"https:\/\/www.enainsp.ma\/wp-content\/uploads\/2025\/12\/3991065565436adde9f79.png\"\n                             class=\"rt-img-responsive\"\n                             width=\"640\"\n                             height=\"360\"\n                             alt=\"Assembl\u00e9e g\u00e9n\u00e9rale de la Conf\u00e9d\u00e9ration internationale des anciens de l&rsquo;ENA et de l&rsquo;INSP au Maroc\">\n\t\t\t\t\t\t\n\t\t\t\t\t\t\t\n\t\t<\/a>\n\t\t        <div class=\"overlay grid-hover-content\"><\/div>\n\t\t                <\/div>\n\t\t\t\n\t\t\t<div class=\"entry-title-wrapper\"><h3 class=\"entry-title\"><a data-id=\"362\" href=\"https:\/\/www.enainsp.ma\/?p=362\" class=\"tpg-post-link\" target=\"_self\">Assembl\u00e9e g\u00e9n\u00e9rale de la Conf\u00e9d\u00e9ration internationale des anciens de l&rsquo;ENA et de l&rsquo;INSP au Maroc<\/a><\/h3><\/div>\n\t\t\t                <div class=\"post-meta-tags rt-el-post-meta\">\n\t\t\t\t\t            <span class='author '>\n\n\t\t\t\t<i class='fa fa-user '><\/i><span class='author-prefix'>By<\/span><a href=\"https:\/\/www.enainsp.ma\/?author=1\">M. Younes BENAKKI<\/a>\t\t\t<\/span>\n\t\t\t            <span class='date'>\n\t\t\t\t<i class='far fa-calendar-alt '><\/i>\t\t\t\t                    <a href=\"https:\/\/www.enainsp.ma\/?m=20231102\">\n\t\t\t\t\t2 novembre 2023\t\t\t\t<\/a>\n\t\t\t\t\t\t\t<\/span>\n\t\t\t            <span class='categories-links'>\n\t\t\t\t<i class='fas fa-folder-open '><\/i><a class=\"activites\" href=\"https:\/\/www.enainsp.ma\/?cat=43\">Activit\u00e9s<\/a>\t\t\t<\/span>\n\t\t\t                <\/div>\n\t\t\t\n\n\t\t\t                <div class=\"tpg-excerpt tpg-el-excerpt\">\n\t\t\t\t\t                        <div class=\"tpg-excerpt-inner\">\n\t\t\t\t\t\t\tLes repr\u00e9sentants des pays de la Conf\u00e9d\u00e9ration internationale des anciens de l\u2019ENA et de l\u2019INSP vont se r\u00e9unir du 2 au 4 novembre, pour participer&hellip;...                        <\/div>\n\t\t\t\t\t\t\t\t\t\t                <\/div>\n\t\t\t\n\t\t\t        <div class=\"post-footer\">\n            <div class=\"post-footer\">\n                <div class=\"read-more\">\n\t\t\t\t\t<a data-id=\"362\" href=\"https:\/\/www.enainsp.ma\/?p=362\" class=\"tpg-post-link\" target=\"_self\">Read More<\/a>                <\/div>\n            <\/div>\n        <\/div>\n\t\t        <\/div>\n    <\/div>\n<\/div>\n<div class=\"rt-col-md-4 rt-col-sm-6 rt-col-xs-12 default rt-grid-item post-359 post type-post status-publish format-standard has-post-thumbnail hentry category-activites\"        data-id=\"359\">\n    <div class=\"rt-holder tpg-post-holder \">\n        <div class=\"rt-detail rt-el-content-wrapper\">\n\t\t\t                <div class=\"rt-img-holder tpg-el-image-wrap has-thumbnail\">\n\t\t\t\t\t<a data-id=\"359\" href=\"https:\/\/www.enainsp.ma\/?p=359\" class=\"tpg-post-link\" target=\"_self\">                        <img loading=\"lazy\" decoding=\"async\" src=\"https:\/\/www.enainsp.ma\/wp-content\/uploads\/2025\/12\/Younes-Slaoui.jpg\"\n                             class=\"rt-img-responsive\"\n                             width=\"746\"\n                             height=\"380\"\n                             alt=\"Younes Slaoui \u00e9lu pr\u00e9sident de la Conf\u00e9d\u00e9ration internationale des associations des anciens \u00e9l\u00e8ves de l\u2019ENA et de l\u2019INSP de France\">\n\t\t\t\t\t\t\n\t\t\t\t\t\t\t\n\t\t<\/a>\n\t\t        <div class=\"overlay grid-hover-content\"><\/div>\n\t\t                <\/div>\n\t\t\t\n\t\t\t<div class=\"entry-title-wrapper\"><h3 class=\"entry-title\"><a data-id=\"359\" href=\"https:\/\/www.enainsp.ma\/?p=359\" class=\"tpg-post-link\" target=\"_self\">Younes Slaoui \u00e9lu pr\u00e9sident de la Conf\u00e9d\u00e9ration internationale des associations des anciens \u00e9l\u00e8ves de l\u2019ENA et de l\u2019INSP de France<\/a><\/h3><\/div>\n\t\t\t                <div class=\"post-meta-tags rt-el-post-meta\">\n\t\t\t\t\t            <span class='author '>\n\n\t\t\t\t<i class='fa fa-user '><\/i><span class='author-prefix'>By<\/span><a href=\"https:\/\/www.enainsp.ma\/?author=1\">M. Younes BENAKKI<\/a>\t\t\t<\/span>\n\t\t\t            <span class='date'>\n\t\t\t\t<i class='far fa-calendar-alt '><\/i>\t\t\t\t                    <a href=\"https:\/\/www.enainsp.ma\/?m=20221018\">\n\t\t\t\t\t18 octobre 2022\t\t\t\t<\/a>\n\t\t\t\t\t\t\t<\/span>\n\t\t\t            <span class='categories-links'>\n\t\t\t\t<i class='fas fa-folder-open '><\/i><a class=\"activites\" href=\"https:\/\/www.enainsp.ma\/?cat=43\">Activit\u00e9s<\/a>\t\t\t<\/span>\n\t\t\t                <\/div>\n\t\t\t\n\n\t\t\t                <div class=\"tpg-excerpt tpg-el-excerpt\">\n\t\t\t\t\t                        <div class=\"tpg-excerpt-inner\">\n\t\t\t\t\t\t\tL\u2019assembl\u00e9e g\u00e9n\u00e9rale 2023 se tiendra au Maroc L\u2019Association marocaine des anciens \u00e9l\u00e8ves de l\u2019Ecole nationale d\u2019administration et de l\u2019Institut national du service public de France&hellip;...                        <\/div>\n\t\t\t\t\t\t\t\t\t\t                <\/div>\n\t\t\t\n\t\t\t        <div class=\"post-footer\">\n            <div class=\"post-footer\">\n                <div class=\"read-more\">\n\t\t\t\t\t<a data-id=\"359\" href=\"https:\/\/www.enainsp.ma\/?p=359\" class=\"tpg-post-link\" target=\"_self\">Read More<\/a>                <\/div>\n            <\/div>\n        <\/div>\n\t\t        <\/div>\n    <\/div>\n<\/div>\n<div class=\"rt-col-md-4 rt-col-sm-6 rt-col-xs-12 default rt-grid-item post-355 post type-post status-publish format-standard has-post-thumbnail hentry category-activites\"        data-id=\"355\">\n    <div class=\"rt-holder tpg-post-holder \">\n        <div class=\"rt-detail rt-el-content-wrapper\">\n\t\t\t                <div class=\"rt-img-holder tpg-el-image-wrap has-thumbnail\">\n\t\t\t\t\t<a data-id=\"355\" href=\"https:\/\/www.enainsp.ma\/?p=355\" class=\"tpg-post-link\" target=\"_self\">                        <img loading=\"lazy\" decoding=\"async\" src=\"https:\/\/www.enainsp.ma\/wp-content\/uploads\/2025\/12\/AMAEENA.jpg\"\n                             class=\"rt-img-responsive\"\n                             width=\"450\"\n                             height=\"266\"\n                             alt=\"AMAEENA publie un Livre Blanc sur la transformation de l\u2019administration publique\">\n\t\t\t\t\t\t\n\t\t\t\t\t\t\t\n\t\t<\/a>\n\t\t        <div class=\"overlay grid-hover-content\"><\/div>\n\t\t                <\/div>\n\t\t\t\n\t\t\t<div class=\"entry-title-wrapper\"><h3 class=\"entry-title\"><a data-id=\"355\" href=\"https:\/\/www.enainsp.ma\/?p=355\" class=\"tpg-post-link\" target=\"_self\">AMAEENA publie un Livre Blanc sur la transformation de l\u2019administration publique<\/a><\/h3><\/div>\n\t\t\t                <div class=\"post-meta-tags rt-el-post-meta\">\n\t\t\t\t\t            <span class='author '>\n\n\t\t\t\t<i class='fa fa-user '><\/i><span class='author-prefix'>By<\/span><a href=\"https:\/\/www.enainsp.ma\/?author=1\">M. Younes BENAKKI<\/a>\t\t\t<\/span>\n\t\t\t            <span class='date'>\n\t\t\t\t<i class='far fa-calendar-alt '><\/i>\t\t\t\t                    <a href=\"https:\/\/www.enainsp.ma\/?m=20201120\">\n\t\t\t\t\t20 novembre 2020\t\t\t\t<\/a>\n\t\t\t\t\t\t\t<\/span>\n\t\t\t            <span class='categories-links'>\n\t\t\t\t<i class='fas fa-folder-open '><\/i><a class=\"activites\" href=\"https:\/\/www.enainsp.ma\/?cat=43\">Activit\u00e9s<\/a>\t\t\t<\/span>\n\t\t\t                <\/div>\n\t\t\t\n\n\t\t\t                <div class=\"tpg-excerpt tpg-el-excerpt\">\n\t\t\t\t\t                        <div class=\"tpg-excerpt-inner\">\n\t\t\t\t\t\t\tCasablanca &#8211; L&rsquo;Association marocaine des anciens \u00e9l\u00e8ves de l\u2019\u00c9cole nationale d&rsquo;administration de France (AMAEENA) a publi\u00e9 r\u00e9cemment un Livre Blanc intitul\u00e9 \u00ab\u00a0Nouveau mod\u00e8le de...                        <\/div>\n\t\t\t\t\t\t\t\t\t\t                <\/div>\n\t\t\t\n\t\t\t        <div class=\"post-footer\">\n            <div class=\"post-footer\">\n                <div class=\"read-more\">\n\t\t\t\t\t<a data-id=\"355\" href=\"https:\/\/www.enainsp.ma\/?p=355\" class=\"tpg-post-link\" target=\"_self\">Read More<\/a>                <\/div>\n            <\/div>\n        <\/div>\n\t\t        <\/div>\n    <\/div>\n<\/div>\n\t\t\t<\/div>\n\t\t\t\n\t\t<\/div>\n\t\t\t\t\t\t<\/div>\n\t\t\t\t<\/div>\n\t\t\t\t\t<\/div>\n\t\t\t\t<\/div>\n\t\t\t\t<\/div>\n\t\t","protected":false},"excerpt":{"rendered":"<p>L\u2019 ENA-INSP MAROC (AMAEENA) organise des activit\u00e9s r\u00e9guli\u00e8res (rencontres, colloques, publications) pour renforcer les liens entre ses membres et promouvoir les valeurs li\u00e9es \u00e0 l\u2019int\u00e9r\u00eat&hellip; <\/p>\n","protected":false},"author":1,"featured_media":0,"parent":0,"menu_order":0,"comment_status":"closed","ping_status":"open","template":"","meta":{"footnotes":""},"class_list":["post-2","page","type-page","status-publish","hentry"],"rttpg_featured_image_url":null,"rttpg_author":{"display_name":"M. Younes BENAKKI","author_link":"https:\/\/www.enainsp.ma\/?author=1"},"rttpg_comment":0,"rttpg_category":"","rttpg_excerpt":"L\u2019 ENA-INSP MAROC (AMAEENA) organise des activit\u00e9s r\u00e9guli\u00e8res (rencontres, colloques, publications) pour renforcer les liens entre ses membres et promouvoir les valeurs li\u00e9es \u00e0 l\u2019int\u00e9r\u00eat&hellip;","_links":{"self":[{"href":"https:\/\/www.enainsp.ma\/index.php?rest_route=\/wp\/v2\/pages\/2","targetHints":{"allow":["GET"]}}],"collection":[{"href":"https:\/\/www.enainsp.ma\/index.php?rest_route=\/wp\/v2\/pages"}],"about":[{"href":"https:\/\/www.enainsp.ma\/index.php?rest_route=\/wp\/v2\/types\/page"}],"author":[{"embeddable":true,"href":"https:\/\/www.enainsp.ma\/index.php?rest_route=\/wp\/v2\/users\/1"}],"replies":[{"embeddable":true,"href":"https:\/\/www.enainsp.ma\/index.php?rest_route=%2Fwp%2Fv2%2Fcomments&post=2"}],"version-history":[{"count":7,"href":"https:\/\/www.enainsp.ma\/index.php?rest_route=\/wp\/v2\/pages\/2\/revisions"}],"predecessor-version":[{"id":383,"href":"https:\/\/www.enainsp.ma\/index.php?rest_route=\/wp\/v2\/pages\/2\/revisions\/383"}],"wp:attachment":[{"href":"https:\/\/www.enainsp.ma\/index.php?rest_route=%2Fwp%2Fv2%2Fmedia&parent=2"}],"curies":[{"name":"wp","href":"https:\/\/api.w.org\/{rel}","templated":true}]}}